{"id":1254,"date":"2022-01-01T02:11:11","date_gmt":"2022-01-01T02:11:11","guid":{"rendered":"https:\/\/ciencias.ens.uabc.mx\/herbario\/?page_id=1254"},"modified":"2025-01-15T20:50:13","modified_gmt":"2025-01-15T20:50:13","slug":"herbario","status":"publish","type":"page","link":"https:\/\/ciencias.ens.uabc.mx\/herbario\/herbario\/","title":{"rendered":"Herbario"},"content":{"rendered":"\n<hr class=\"wp-block-separator has-text-color has-background is-style-wide\" style=\"background-color:#ccd191;color:#ccd191\"\/>\n\n\n\n<h1 class=\"has-text-align-center has-x-large-font-size\" style=\"font-style:normal;font-weight:700\">Herbario BCMEX<\/h1>\n\n\n\n<p style=\"font-size:16px\">Consiste en material bot\u00e1nico herborizado (deshidratado, desinfectado, montado en cartulinas) y determinados taxon\u00f3micamente, resguardados y disponibles en gabinetes de madera y metal. Las etiquetas de los ejemplares (vouchers) contienen datos de identificaci\u00f3n, ecol\u00f3gicos, h\u00e1bitat caracter\u00edsticas e las plantas e informaci\u00f3n adicional y eventualmente fotos. Estos ejemplares est\u00e1n ordenadas alfab\u00e9ticamente y disponibles para los interesados para su consulta, ya sea para docencia o investigaci\u00f3n. Tambi\u00e9n se realizan trabajos de digitalizaci\u00f3n en alta resoluci\u00f3n de la colecci\u00f3n sin\u00f3ptica. La informaci\u00f3n de los ejemplares esta disponible en bases de datos a trav\u00e9s de del Consorcio Bot\u00e1nico de Baja California y de la Red de Herbarios del Noroeste de M\u00e9xico.<\/p>\n\n\n\n<p style=\"font-size:16px\">Actualmente se cuenta con aproximadamente 32,000 ejemplares, en su mayor\u00eda plantas vasculares (30,000) con mas de 16,500 registros curatoriales; hongos y l\u00edquenes (2,000). Este acervo proviene de recolectas sistem\u00e1ticas, intercambios y donaciones de ejemplares provenientes de la pen\u00ednsula de Baja California, incluyendo sus islas, M\u00e9xico y suroeste de los Estados Unidos.<\/p>\n\n\n\n<hr class=\"wp-block-separator is-style-wide\"\/>\n\n\n\n<div class=\"wp-block-columns\">\n<div class=\"wp-block-column\">\n\t\t<!-- MasterSlider -->\n\t\t<div id=\"P_MS69f86735a14c4\" class=\"master-slider-parent msl ms-parent-id-5\" style=\"max-width:800px;\">\n\n\t\t\t\n\t\t\t<!-- MasterSlider Main -->\n\t\t\t<div id=\"MS69f86735a14c4\" class=\"master-slider ms-skin-default\" >\n\t\t\t\t \t\t\t\t \n\t\t\t\t<div  class=\"ms-slide\" data-delay=\"3\" data-fill-mode=\"fit\"  >\n\t\t\t\t\t<img src=\"https:\/\/ciencias.ens.uabc.mx\/herbario\/wp-content\/plugins\/master-slider\/public\/assets\/css\/blank.gif\" alt=\"\" title=\"\" data-src=\"https:\/\/ciencias.ens.uabc.mx\/herbario\/wp-content\/uploads\/2021\/12\/20210806_125952jpg01.jpg\" \/>\n\n\t\t\t\t\t<div class=\"ms-info\"><h6>Ejemplar de <span style=\"color: #000000;\"><em>Senna atomaria<\/em><\/span> en la colecci\u00f3n <strong>general<\/strong> del herbario<\/h6><\/div>\n\n\n\t<div class=\"ms-thumb\" ><div class=\"ms-tab-context\"><div class=&quot;ms-tab-context&quot;><\/div><\/div>\n<\/div>\n\t\t\t\t<\/div>\n\t\t\t\t<div  class=\"ms-slide\" data-delay=\"3\" data-fill-mode=\"fill\"  >\n\t\t\t\t\t<img src=\"https:\/\/ciencias.ens.uabc.mx\/herbario\/wp-content\/plugins\/master-slider\/public\/assets\/css\/blank.gif\" alt=\"\" title=\"\" data-src=\"https:\/\/ciencias.ens.uabc.mx\/herbario\/wp-content\/uploads\/2021\/12\/Gabinetes-scaled.jpg\" \/>\n\n\t\t\t\t\t<div class=\"ms-info\"><h6><strong>Gabinetes donde se guardan los ejemplares<\/strong><\/h6><\/div>\n\n\n\t<div class=\"ms-thumb\" ><div class=\"ms-tab-context\"><div class=&quot;ms-tab-context&quot;><\/div><\/div>\n<\/div>\n\t\t\t\t<\/div>\n\t\t\t\t<div  class=\"ms-slide\" data-delay=\"3\" data-fill-mode=\"fit\"  >\n\t\t\t\t\t<img src=\"https:\/\/ciencias.ens.uabc.mx\/herbario\/wp-content\/plugins\/master-slider\/public\/assets\/css\/blank.gif\" alt=\"\" title=\"\" data-src=\"https:\/\/ciencias.ens.uabc.mx\/herbario\/wp-content\/uploads\/2021\/12\/CACTUSjpg08.jpg\" \/>\n\n\t\t\t\t\t<div class=\"ms-info\"><h6>Ejemplar de <em>Cylindropuntia prolifera<\/em> en la colecci\u00f3n de cact\u00e1ceas del herbario\u00a0<\/h6><\/div>\n\n\n\t<div class=\"ms-thumb\" ><div class=\"ms-tab-context\"><div class=&quot;ms-tab-context&quot;><\/div><\/div>\n<\/div>\n\t\t\t\t<\/div>\n\t\t\t\t<div  class=\"ms-slide\" data-delay=\"3\" data-fill-mode=\"fill\"  >\n\t\t\t\t\t<img src=\"https:\/\/ciencias.ens.uabc.mx\/herbario\/wp-content\/plugins\/master-slider\/public\/assets\/css\/blank.gif\" alt=\"\" title=\"\" data-src=\"https:\/\/ciencias.ens.uabc.mx\/herbario\/wp-content\/uploads\/2021\/12\/LIBROSjpg11.jpg\" \/>\n\n\t\t\t\t\t<div class=\"ms-info\"><h6>Colecci\u00f3n de bibliograf\u00eda especializada<\/h6><\/div>\n\n\n\t<div class=\"ms-thumb\" ><div class=\"ms-tab-context\"><div class=&quot;ms-tab-context&quot;><\/div><\/div>\n<\/div>\n\t\t\t\t<\/div>\n\t\t\t\t<div  class=\"ms-slide\" data-delay=\"3\" data-fill-mode=\"fit\"  >\n\t\t\t\t\t<img src=\"https:\/\/ciencias.ens.uabc.mx\/herbario\/wp-content\/plugins\/master-slider\/public\/assets\/css\/blank.gif\" alt=\"\" title=\"\" data-src=\"https:\/\/ciencias.ens.uabc.mx\/herbario\/wp-content\/uploads\/2022\/01\/Almacenamiento-de-especimenes.jpeg\" \/>\n\n\t\t\t\t\t<div class=\"ms-info\"><h6>Los ejemplares se encuentran acomodados en carpetas ordenadas alfab\u00e9ticamente por especies y familias<\/h6><\/div>\n\n\n\t<div class=\"ms-thumb\" ><div class=\"ms-tab-context\"><div class=&quot;ms-tab-context&quot;><\/div><\/div>\n<\/div>\n\t\t\t\t<\/div>\n\t\t\t\t<div  class=\"ms-slide\" data-delay=\"3\" data-fill-mode=\"fit\"  >\n\t\t\t\t\t<img src=\"https:\/\/ciencias.ens.uabc.mx\/herbario\/wp-content\/plugins\/master-slider\/public\/assets\/css\/blank.gif\" alt=\"\" title=\"\" data-src=\"https:\/\/ciencias.ens.uabc.mx\/herbario\/wp-content\/uploads\/2022\/01\/213015992_179508217524501_6820735044885745837_n.jpg\" \/>\n\n\t\t\t\t\t<div class=\"ms-info\"><h6>Actividades de recolecci\u00f3n de germoplasma de plantas nativas<\/h6><\/div>\n\n\n\t<div class=\"ms-thumb\" ><div class=\"ms-tab-context\"><div class=&quot;ms-tab-context&quot;><\/div><\/div>\n<\/div>\n\t\t\t\t<\/div>\n\n\t\t\t<\/div>\n\t\t\t<!-- END MasterSlider Main -->\n\n\t\t\t \n\t\t<\/div>\n\t\t<!-- END MasterSlider -->\n\n\t\t<script>\n\t\t(function ( $ ) {\n\t\t\t\"use strict\";\n\n\t\t\t$(function () {\n\t\t\t\tvar masterslider_14c4 = new MasterSlider();\n\n\t\t\t\t\/\/ slider controls\n\t\t\t\tmasterslider_14c4.control('arrows'     ,{ autohide:false, overVideo:true  });\n\t\t\t\tmasterslider_14c4.control('slideinfo'  ,{ autohide:false, overVideo:true, dir:'h', align:'bottom',inset:false , margin:10   });\n\t\t\t\t\/\/ slider setup\n\t\t\t\tmasterslider_14c4.setup(\"MS69f86735a14c4\", {\n\t\t\t\t\t\twidth           : 800,\n\t\t\t\t\t\theight          : 480,\n\t\t\t\t\t\tminHeight       : 0,\n\t\t\t\t\t\tspace           : 0,\n\t\t\t\t\t\tstart           : 2,\n\t\t\t\t\t\tgrabCursor      : true,\n\t\t\t\t\t\tswipe           : true,\n\t\t\t\t\t\tmouse           : true,\n\t\t\t\t\t\tlayout          : \"boxed\",\n\t\t\t\t\t\twheel           : false,\n\t\t\t\t\t\tautoplay        : false,\n\t\t\t\t\t\tinstantStartLayers:false,\n\t\t\t\t\t\tloop            : true,\n\t\t\t\t\t\tshuffle         : false,\n\t\t\t\t\t\tpreload         : 0,\n\t\t\t\t\t\theightLimit     : true,\n\t\t\t\t\t\tautoHeight      : false,\n\t\t\t\t\t\tsmoothHeight    : true,\n\t\t\t\t\t\tendPause        : false,\n\t\t\t\t\t\toverPause       : true,\n\t\t\t\t\t\tfillMode        : \"fill\",\n\t\t\t\t\t\tcenterControls  : true,\n\t\t\t\t\t\tstartOnAppear   : false,\n\t\t\t\t\t\tlayersMode      : \"center\",\n\t\t\t\t\t\thideLayers      : false,\n\t\t\t\t\t\tfullscreenMargin: 0,\n\t\t\t\t\t\tspeed           : 20,\n\t\t\t\t\t\tdir             : \"h\",\n\t\t\t\t\t\tparallaxMode    : 'swipe',\n\t\t\t\t\t\tview            : \"basic\"\n\t\t\t\t});\n\n\t\t\t\t\n\t\t\t\twindow.masterslider_instances = window.masterslider_instances || [];\n\t\t\t\twindow.masterslider_instances.push( masterslider_14c4 );\n\t\t\t });\n\n\t\t})(jQuery);\n\t\t<\/script>\n\n\n<\/div>\n\n\n\n<div class=\"wp-block-column\">\n<div style=\"height:100px\" aria-hidden=\"true\" class=\"wp-block-spacer\"><\/div>\n\n\n\n<blockquote class=\"wp-block-quote\" style=\"font-size:28px\"><p><em><mark style=\"background-color:rgba(0, 0, 0, 0)\" class=\"has-inline-color has-black-color\">El Herbario BCMEX, se encuentra en la Facultad de Ciencias de la Universidad Aut\u00f3noma de Baja California, se fund\u00f3 en marzo de 1981 siendo de tipo regional (en el sentido geogr\u00e1fico y biogeogr\u00e1fico), y su prop\u00f3sito contar con una colecci\u00f3n cient\u00edfica de la flora de la Pen\u00ednsula de Baja California e islas adyacentes, principalmente la regi\u00f3n norte.<\/mark><\/em><\/p><\/blockquote>\n<\/div>\n<\/div>\n\n\n\n<h2 class=\"has-text-align-left\">Bases de datos<\/h2>\n\n\n\n<div class=\"wp-block-columns\">\n<div class=\"wp-block-column\">\n<div class=\"row\">\n<div class=\"feature-block col-md-6\">\n<div class=\"inner-box\">\n<div class=\"image\"><a title=\"bajaflora\" href=\"https:\/\/bajaflora.org\"><img src=\"https:\/\/ciencias.ens.uabc.mx\/herbario\/wp-content\/uploads\/2022\/01\/bajaflora.png\" alt=\"bajaflora\"><\/a><\/div><a title=\"bajaflora\" href=\"https:\/\/bajaflora.org\">\n<div class=\"lower-content\">\n<div class=\"icon\">&nbsp;<\/div>\n<h4>The Flora of Baja California<\/h4>\n<\/div>\n<\/a><div class=\"overlay\"><a title=\"bajaflora\" href=\"https:\/\/bajaflora.org\">\n<div class=\"top-content\" style=\"background-image: url('https:\/\/ciencias.ens.uabc.mx\/herbario\/wp-content\/uploads\/2022\/01\/the-nat.png');\">\n<div class=\"icon\">&nbsp;<\/div>\n<h4>&nbsp;<\/h4>\n<\/div>\n<\/a><div class=\"bottom-content\"><a title=\"bajaflora\" href=\"https:\/\/bajaflora.org\">\n<div class=\"text\">San Diego Natural History Museum<\/div>\n<\/a><p><a title=\"bajaflora\" href=\"https:\/\/bajaflora.org\"><\/a><a class=\"read-more-link\" href=\"https:\/\/bajaflora.org\/\">Leer m\u00e1s<\/a><\/p>\n<\/div>\n<\/div>\n<\/div>\n<\/div>\n\n\n\n<div class=\"wp-block-column\">\n<div class=\"row\">\n<div class=\"feature-block col-md-6\">\n<div class=\"inner-box\">\n<div class=\"image\"><a title=\"bajaflora\" href=\"https:\/\/bajaflora.org\"><img src=\"https:\/\/ciencias.ens.uabc.mx\/herbario\/wp-content\/uploads\/2025\/01\/Captura-de-pantalla-2025-01-14-193436.png\" alt=\"Red de herbarios mexicanos\"><\/a><\/div><a title=\"Red de herbarios mexicanos\" href=\"https:\/\/bajaflora.org\">\n<div class=\"lower-content\">\n<div class=\"icon\">&nbsp;<\/div>\n<h4>Red de herbarios mexicanos<\/h4>\n<\/div>\n<\/a><div class=\"overlay\"><a title=\"bajaflora\" href=\"https:\/\/bajaflora.org\">\n<div class=\"top-content\" style=\"background-image: url('https:\/\/ciencias.ens.uabc.mx\/herbario\/wp-content\/uploads\/2025\/01\/Captura-de-pantalla-2025-01-14-193626.png');\">\n<div class=\"icon\">&nbsp;<\/div>\n<h4>&nbsp;<\/h4>\n<\/div>\n<\/a><div class=\"bottom-content\"><a title=\"Red de herbarios mexicanos\" href=\"https:\/\/herbanwmex.net\/portal\/\">\n<div class=\"text\">Red de herbarios mexicanos<\/div>\n<\/a><p><a title=\"Red de herbarios mexicanos\" href=\"https:\/\/herbanwmex.net\/portal\/\"><\/a><a class=\"read-more-link\" href=\"https:\/\/herbanwmex.net\/portal\/\">Leer m\u00e1s<\/a><\/p>\n<\/div>\n<\/div>\n<\/div><\n<\/div>\n<\/div>\n\n\n\n<div class=\"wp-block-columns\">\n<div class=\"wp-block-column\" style=\"flex-basis:100%\">\n<hr class=\"wp-block-separator is-style-wide\"\/>\n<\/div>\n<\/div>\n\n\n\n<div class=\"wp-block-columns\">\n<div class=\"wp-block-column\">\n<h2 id=\"block-32090c03-c737-4d1e-8210-59149a79875d\"><a href=\"https:\/\/ciencias.ens.uabc.mx\/herbario\/ejemplares-de-herbario\/\"><br>Ejemplares de herbario de inter\u00e9s etnobot\u00e1nico<\/a><\/h2>\n\n\n\n<p id=\"block-79df6569-3b26-4514-81e8-ae1bda915d46\"><strong>En esta secci\u00f3n podr\u00e1 visualizar los ejemplares de herbario que corresponden a especies de inter\u00e9s etnobot\u00e1nico y que han sido escaneados en alta resoluci\u00f3n para su consulta. Las especies se encuentran ordenadas seg\u00fan su familia y en orden alfab\u00e9tico seg\u00fan su nombre cient\u00edfico<\/strong>.<\/p>\n\n\n\n<p id=\"block-d6b4ceb7-7072-49e8-8922-767abd53b5d2\"><strong>Puedes dar click en la imagen para detalles.<\/strong><\/p>\n<\/div>\n\n\n\n<div class=\"wp-block-column\">\n<figure class=\"wp-block-image is-resized\" id=\"block-07ae5fc8-d0f8-4bcb-8e52-68eb8d2563ac\"><a href=\"https:\/\/ciencias.ens.uabc.mx\/herbario\/ejemplares-de-herbario\/\"><img loading=\"lazy\" src=\"https:\/\/ciencias.ens.uabc.mx\/herbario\/wp-content\/uploads\/2025\/01\/Captura-de-pantalla-2025-01-14-185844-e1736910146708.png\" alt=\"La imagen tiene un atributo ALT vac\u00edo; su nombre de archivo es Captura-de-pantalla-2025-01-14-185844-e1736910146708.png\" width=\"287\" height=\"331\"\/><\/a><\/figure>\n<\/div>\n<\/div>\n\n\n\n<div class=\"wp-block-columns\">\n<div class=\"wp-block-column\">\n<div class=\"history\">\n<span>Enlaces<\/span>\n<span>importantes:<\/span>\n<\/div>\n<br>\n<ul style=\"list-style:none;\">\n  <li>\n    <span class=\"fa fa-check\" style=\"color:#ccd191;\"><\/span> \n<a href=\"https:\/\/ucjeps.berkeley.edu\/eflora\/\">\nThe Jepson Herbarium<\/a>\n<\/li>\n  <li>\n    <span class=\"fa fa-check\" style=\"color:#ccd191;\"><\/span> \n<a href=\"http:\/\/www.worldfloraonline.org\">\nThe World Flora Online<\/a>\n<\/li>\n<li>\n    <span class=\"fa fa-check\" style=\"color:#ccd191;\"><\/span> \n<a href=\"https:\/\/www.calflora.org\">\nCalflora<\/a>\n<\/li>\n<li>\n    <span class=\"fa fa-check\" style=\"color:#ccd191;\"><\/span> \n<a href=\"https:\/\/ciencias.ens.uabc.mx\/herbario\/wp-content\/uploads\/2022\/01\/REGLAMENTO-GENERAL-DEL-HERBARIO-BCMEX.pdf\">\nReglamento del Herbario<\/a>\n<\/li>\n<li>\n    <span class=\"fa fa-check\" style=\"color:#ccd191;\"><\/span> \n<a href=\"https:\/\/ciencias.ens.uabc.mx\/herbario\/wp-content\/uploads\/2022\/01\/PREGISTRO-SEMARNAT-DE-HERBARIO-BCMEX-UABC_1996.pdf\">\nRegistro ante SEMARNAT<\/a>\n<\/li>\n<li>\n    <span class=\"fa fa-check\" style=\"color:#ccd191;\"><\/span> \n<a href=\"https:\/\/ciencias.ens.uabc.mx\/herbario\/wp-content\/uploads\/2022\/01\/Premio-Estatal-Medio-Ambiente-Herbario-BCMEX-1999.pdf\">\nPremio Estatal de Medio Ambiente 1999<\/a>\n<\/li>\n<\/ul>\n<\/div>\n<\/div>\n","protected":false},"excerpt":{"rendered":"<p>Herbario BCMEX Consiste en material bot\u00e1nico herborizado (deshidratado, desinfectado, montado en cartulinas) y determinados taxon\u00f3micamente, resguardados y disponibles en gabinetes de madera y metal. Las etiquetas de los ejemplares (vouchers) contienen datos de identificaci\u00f3n, ecol\u00f3gicos, h\u00e1bitat caracter\u00edsticas e las plantas e informaci\u00f3n adicional y eventualmente fotos. Estos ejemplares est\u00e1n ordenadas alfab\u00e9ticamente y disponibles para los [&hellip;]<\/p>\n","protected":false},"author":1,"featured_media":0,"parent":0,"menu_order":0,"comment_status":"closed","ping_status":"closed","template":"templates\/about.php","meta":[],"_links":{"self":[{"href":"https:\/\/ciencias.ens.uabc.mx\/herbario\/wp-json\/wp\/v2\/pages\/1254"}],"collection":[{"href":"https:\/\/ciencias.ens.uabc.mx\/herbario\/wp-json\/wp\/v2\/pages"}],"about":[{"href":"https:\/\/ciencias.ens.uabc.mx\/herbario\/wp-json\/wp\/v2\/types\/page"}],"author":[{"embeddable":true,"href":"https:\/\/ciencias.ens.uabc.mx\/herbario\/wp-json\/wp\/v2\/users\/1"}],"replies":[{"embeddable":true,"href":"https:\/\/ciencias.ens.uabc.mx\/herbario\/wp-json\/wp\/v2\/comments?post=1254"}],"version-history":[{"count":219,"href":"https:\/\/ciencias.ens.uabc.mx\/herbario\/wp-json\/wp\/v2\/pages\/1254\/revisions"}],"predecessor-version":[{"id":2998,"href":"https:\/\/ciencias.ens.uabc.mx\/herbario\/wp-json\/wp\/v2\/pages\/1254\/revisions\/2998"}],"wp:attachment":[{"href":"https:\/\/ciencias.ens.uabc.mx\/herbario\/wp-json\/wp\/v2\/media?parent=1254"}],"curies":[{"name":"wp","href":"https:\/\/api.w.org\/{rel}","templated":true}]}}