{"id":1436,"date":"2022-01-12T22:57:10","date_gmt":"2022-01-12T22:57:10","guid":{"rendered":"https:\/\/ciencias.ens.uabc.mx\/herbario\/?page_id=1436"},"modified":"2022-06-23T19:35:43","modified_gmt":"2022-06-23T19:35:43","slug":"jardin-san-antonio-necua","status":"publish","type":"page","link":"https:\/\/ciencias.ens.uabc.mx\/herbario\/jardin-san-antonio-necua\/","title":{"rendered":"Jard\u00edn San Antonio Necua"},"content":{"rendered":"\n<h1 class=\"has-text-align-center\">Jard\u00edn Bot\u00e1nico San Antonio Necua<\/h1>\n\n\n\n<hr class=\"wp-block-separator has-text-color has-background is-style-wide\" style=\"background-color:#ccd191;color:#ccd191\"\/>\n\n\n\n<p>El JBSAN tiene el objetivo de divulgar una parte de su diversidad biol\u00f3gica, como es el conocimiento y uso ancestral de plantas en la comunidad Kumiai. La flora representada es parte dela vegetaci\u00f3n tipo matorral costero californiano y suculento, y chaparral.<\/p>\n\n\n\n<p>En el 2021 se recibi\u00f3 el apoyo parcial de CONACyT-FORDECyT para el fortalecimiento formal del jard\u00edn bot\u00e1nico, como parte de su riqueza biocultural. Este jardin botancio se integrara a la Red Nacional de Jardines Etnobiol\u00f3gicos, como uno de los objetivos de CONACyT. <\/p>\n\n\n\n<div class=\"wp-block-media-text alignwide is-stacked-on-mobile\" style=\"grid-template-columns:19% auto\"><figure class=\"wp-block-media-text__media\"><a href=\"https:\/\/www.facebook.com\/Si\u00f1aw-Kuatay-410140392475519\/?ti=as\"><img loading=\"lazy\" width=\"540\" height=\"540\" src=\"https:\/\/ciencias.ens.uabc.mx\/herbario\/wp-content\/uploads\/2022\/01\/image.png\" alt=\"\" class=\"wp-image-1475 size-full\" srcset=\"https:\/\/ciencias.ens.uabc.mx\/herbario\/wp-content\/uploads\/2022\/01\/image.png 540w, https:\/\/ciencias.ens.uabc.mx\/herbario\/wp-content\/uploads\/2022\/01\/image-300x300.png 300w, https:\/\/ciencias.ens.uabc.mx\/herbario\/wp-content\/uploads\/2022\/01\/image-150x150.png 150w\" sizes=\"(max-width: 540px) 100vw, 540px\" \/><\/a><\/figure><div class=\"wp-block-media-text__content\">\n<p>Adem\u00e1s del jard\u00edn, la comunidad oferta actividades ecotur\u00edsticas con visitas guiadas al jard\u00edn, senderos y museo. Posee servicio de comida, zona de \u00e1rea recreativa con alberca, entre otras cosas. Se puede obtener m\u00e1s informaci\u00f3n y realizar reservaciones en su p\u00e1gina de Facebook, accesible desde la imagen de la izquierda.<\/p>\n<\/div><\/div>\n\n\n\n<div style=\"height:29px\" aria-hidden=\"true\" class=\"wp-block-spacer\"><\/div>\n\n\n\n\t\t<!-- MasterSlider -->\n\t\t<div id=\"P_MS69e95cc3cfca8\" class=\"master-slider-parent msl ms-parent-id-4\" style=\"max-width:800px;\">\n\n\t\t\t\n\t\t\t<!-- MasterSlider Main -->\n\t\t\t<div id=\"MS69e95cc3cfca8\" class=\"master-slider ms-skin-light-3\" >\n\t\t\t\t \t\t\t\t \n\t\t\t\t<div  class=\"ms-slide\" data-delay=\"3\" data-fill-mode=\"fill\"  >\n\t\t\t\t\t<img src=\"https:\/\/ciencias.ens.uabc.mx\/herbario\/wp-content\/plugins\/master-slider\/public\/assets\/css\/blank.gif\" alt=\"\" title=\"\" data-src=\"https:\/\/ciencias.ens.uabc.mx\/herbario\/wp-content\/uploads\/2022\/01\/Flora-de-la-comuniad.jpg\" \/>\n\n\n\t<div class=\"ms-thumb\" ><div class=\"ms-tab-context\"><div class=&quot;ms-tab-context&quot;><\/div><\/div>\n<\/div>\n\t\t\t\t<\/div>\n\t\t\t\t<div  class=\"ms-slide\" data-delay=\"3\" data-fill-mode=\"fill\"  >\n\t\t\t\t\t<img src=\"https:\/\/ciencias.ens.uabc.mx\/herbario\/wp-content\/plugins\/master-slider\/public\/assets\/css\/blank.gif\" alt=\"\" title=\"\" data-src=\"https:\/\/ciencias.ens.uabc.mx\/herbario\/wp-content\/uploads\/2022\/01\/Encino-scaled.jpg\" \/>\n\n\n\t<div class=\"ms-thumb\" ><div class=\"ms-tab-context\"><div class=&quot;ms-tab-context&quot;><\/div><\/div>\n<\/div>\n\t\t\t\t<\/div>\n\t\t\t\t<div  class=\"ms-slide\" data-delay=\"3\" data-fill-mode=\"fill\"  >\n\t\t\t\t\t<img src=\"https:\/\/ciencias.ens.uabc.mx\/herbario\/wp-content\/plugins\/master-slider\/public\/assets\/css\/blank.gif\" alt=\"\" title=\"\" data-src=\"https:\/\/ciencias.ens.uabc.mx\/herbario\/wp-content\/uploads\/2022\/01\/Trabajos-de-mantenimiento-del-jardin-scaled.jpg\" \/>\n\n\n\t<div class=\"ms-thumb\" ><div class=\"ms-tab-context\"><div class=&quot;ms-tab-context&quot;><\/div><\/div>\n<\/div>\n\t\t\t\t<\/div>\n\t\t\t\t<div  class=\"ms-slide\" data-delay=\"3\" data-fill-mode=\"fit\"  >\n\t\t\t\t\t<img src=\"https:\/\/ciencias.ens.uabc.mx\/herbario\/wp-content\/plugins\/master-slider\/public\/assets\/css\/blank.gif\" alt=\"\" title=\"\" data-src=\"https:\/\/ciencias.ens.uabc.mx\/herbario\/wp-content\/uploads\/2022\/01\/Collares-hechos-con-semillas-scaled.jpg\" \/>\n\n\n\t<div class=\"ms-thumb\" ><div class=\"ms-tab-context\"><div class=&quot;ms-tab-context&quot;><\/div><\/div>\n<\/div>\n\t\t\t\t<\/div>\n\t\t\t\t<div  class=\"ms-slide\" data-delay=\"3\" data-fill-mode=\"fill\"  >\n\t\t\t\t\t<img src=\"https:\/\/ciencias.ens.uabc.mx\/herbario\/wp-content\/plugins\/master-slider\/public\/assets\/css\/blank.gif\" alt=\"\" title=\"\" data-src=\"https:\/\/ciencias.ens.uabc.mx\/herbario\/wp-content\/uploads\/2022\/01\/Cesteria-artesanal-con-plantas-de-la-comunidad-scaled.jpg\" \/>\n\n\n\t<div class=\"ms-thumb\" ><div class=\"ms-tab-context\"><div class=&quot;ms-tab-context&quot;><\/div><\/div>\n<\/div>\n\t\t\t\t<\/div>\n\t\t\t\t<div  class=\"ms-slide\" data-delay=\"3\" data-fill-mode=\"fill\"  >\n\t\t\t\t\t<img src=\"https:\/\/ciencias.ens.uabc.mx\/herbario\/wp-content\/plugins\/master-slider\/public\/assets\/css\/blank.gif\" alt=\"\" title=\"\" data-src=\"https:\/\/ciencias.ens.uabc.mx\/herbario\/wp-content\/uploads\/2022\/01\/Artesania-de-junco-scaled.jpg\" \/>\n\n\n\t<div class=\"ms-thumb\" ><div class=\"ms-tab-context\"><div class=&quot;ms-tab-context&quot;><\/div><\/div>\n<\/div>\n\t\t\t\t<\/div>\n\t\t\t\t<div  class=\"ms-slide\" data-delay=\"3\" data-fill-mode=\"fill\"  >\n\t\t\t\t\t<img src=\"https:\/\/ciencias.ens.uabc.mx\/herbario\/wp-content\/plugins\/master-slider\/public\/assets\/css\/blank.gif\" alt=\"\" title=\"\" data-src=\"https:\/\/ciencias.ens.uabc.mx\/herbario\/wp-content\/uploads\/2022\/01\/Recorrido-a-traves-de-la-vegetacion-de-la-comunidad-scaled.jpg\" \/>\n\n\n\t<div class=\"ms-thumb\" ><div class=\"ms-tab-context\"><div class=&quot;ms-tab-context&quot;><\/div><\/div>\n<\/div>\n\t\t\t\t<\/div>\n\n\t\t\t<\/div>\n\t\t\t<!-- END MasterSlider Main -->\n\n\t\t\t \n\t\t<\/div>\n\t\t<!-- END MasterSlider -->\n\n\t\t<script>\n\t\t(function ( $ ) {\n\t\t\t\"use strict\";\n\n\t\t\t$(function () {\n\t\t\t\tvar masterslider_fca8 = new MasterSlider();\n\n\t\t\t\t\/\/ slider controls\n\t\t\t\tmasterslider_fca8.control('arrows'     ,{ autohide:false, overVideo:true  });\t\t\t\tmasterslider_fca8.control('bullets'    ,{ autohide:true, overVideo:true, dir:'h', align:'bottom' , margin:10  });\n\n\t\t\t\tmasterslider_fca8.control('circletimer',{ autohide:false, overVideo:true, color:'#434343', radius:10, stroke:3   });\n\t\t\t\tmasterslider_fca8.control('timebar'    ,{ autohide:false, overVideo:true, align:'bottom', color:'#FFFFFF'  , width:4 });\n\t\t\t\t\/\/ slider setup\n\t\t\t\tmasterslider_fca8.setup(\"MS69e95cc3cfca8\", {\n\t\t\t\t\t\twidth           : 800,\n\t\t\t\t\t\theight          : 480,\n\t\t\t\t\t\tminHeight       : 0,\n\t\t\t\t\t\tspace           : 0,\n\t\t\t\t\t\tstart           : 1,\n\t\t\t\t\t\tgrabCursor      : true,\n\t\t\t\t\t\tswipe           : true,\n\t\t\t\t\t\tmouse           : true,\n\t\t\t\t\t\tlayout          : \"boxed\",\n\t\t\t\t\t\twheel           : false,\n\t\t\t\t\t\tautoplay        : true,\n\t\t\t\t\t\tinstantStartLayers:false,\n\t\t\t\t\t\tloop            : true,\n\t\t\t\t\t\tshuffle         : false,\n\t\t\t\t\t\tpreload         : 0,\n\t\t\t\t\t\theightLimit     : true,\n\t\t\t\t\t\tautoHeight      : false,\n\t\t\t\t\t\tsmoothHeight    : true,\n\t\t\t\t\t\tendPause        : false,\n\t\t\t\t\t\toverPause       : true,\n\t\t\t\t\t\tfillMode        : \"fill\",\n\t\t\t\t\t\tcenterControls  : true,\n\t\t\t\t\t\tstartOnAppear   : false,\n\t\t\t\t\t\tlayersMode      : \"center\",\n\t\t\t\t\t\thideLayers      : false,\n\t\t\t\t\t\tfullscreenMargin: 0,\n\t\t\t\t\t\tspeed           : 20,\n\t\t\t\t\t\tdir             : \"h\",\n\t\t\t\t\t\tparallaxMode    : 'swipe',\n\t\t\t\t\t\tview            : \"basic\"\n\t\t\t\t});\n\n\t\t\t\t\n\t\t\t\twindow.masterslider_instances = window.masterslider_instances || [];\n\t\t\t\twindow.masterslider_instances.push( masterslider_fca8 );\n\t\t\t });\n\n\t\t})(jQuery);\n\t\t<\/script>\n\n\n\n\n\n<div style=\"height:31px\" aria-hidden=\"true\" class=\"wp-block-spacer\"><\/div>\n\n\n\n<h3 class=\"has-text-align-center\">Sumado a la secci\u00f3n de flora regional, posee dos secciones especiales:<\/h3>\n\n\n\n<div style=\"height:30px\" aria-hidden=\"true\" class=\"wp-block-spacer\"><\/div>\n\n\n\n<div class=\"wp-block-media-text alignwide is-stacked-on-mobile is-vertically-aligned-center\" style=\"grid-template-columns:36% auto\"><figure class=\"wp-block-media-text__media\"><img loading=\"lazy\" width=\"1024\" height=\"768\" src=\"https:\/\/ciencias.ens.uabc.mx\/herbario\/wp-content\/uploads\/2022\/01\/Andador-Quercetum-1024x768.jpg\" alt=\"\" class=\"wp-image-1447 size-full\" srcset=\"https:\/\/ciencias.ens.uabc.mx\/herbario\/wp-content\/uploads\/2022\/01\/Andador-Quercetum-1024x768.jpg 1024w, https:\/\/ciencias.ens.uabc.mx\/herbario\/wp-content\/uploads\/2022\/01\/Andador-Quercetum-300x225.jpg 300w, https:\/\/ciencias.ens.uabc.mx\/herbario\/wp-content\/uploads\/2022\/01\/Andador-Quercetum-768x576.jpg 768w, https:\/\/ciencias.ens.uabc.mx\/herbario\/wp-content\/uploads\/2022\/01\/Andador-Quercetum-1536x1152.jpg 1536w, https:\/\/ciencias.ens.uabc.mx\/herbario\/wp-content\/uploads\/2022\/01\/Andador-Quercetum-2048x1536.jpg 2048w\" sizes=\"(max-width: 1024px) 100vw, 1024px\" \/><\/figure><div class=\"wp-block-media-text__content\">\n<p><strong>Quercetum<\/strong>: es un sendero natural de \u00e1rboles llamados \u00abencinos\u00bb, <em>Quercus agrifolia<\/em> var. <em>oxyadenia <\/em>(Fagaceae), siendo un \u00e1rbol emblem\u00e1tico, tanto para las comunidades nativas Yumanas\u00bb. Esta especie es nativa de California y noroeste de Baja California.<\/p>\n\n\n\n<p><\/p>\n<\/div><\/div>\n\n\n\n<div class=\"wp-block-media-text alignwide has-media-on-the-right is-stacked-on-mobile\" style=\"grid-template-columns:auto 36%\"><figure class=\"wp-block-media-text__media\"><img loading=\"lazy\" width=\"1024\" height=\"768\" src=\"https:\/\/ciencias.ens.uabc.mx\/herbario\/wp-content\/uploads\/2022\/01\/Farmacia-viviente-plantas-de-uso-herbolario-1024x768.jpg\" alt=\"\" class=\"wp-image-1454 size-full\" srcset=\"https:\/\/ciencias.ens.uabc.mx\/herbario\/wp-content\/uploads\/2022\/01\/Farmacia-viviente-plantas-de-uso-herbolario-1024x768.jpg 1024w, https:\/\/ciencias.ens.uabc.mx\/herbario\/wp-content\/uploads\/2022\/01\/Farmacia-viviente-plantas-de-uso-herbolario-300x225.jpg 300w, https:\/\/ciencias.ens.uabc.mx\/herbario\/wp-content\/uploads\/2022\/01\/Farmacia-viviente-plantas-de-uso-herbolario-768x576.jpg 768w, https:\/\/ciencias.ens.uabc.mx\/herbario\/wp-content\/uploads\/2022\/01\/Farmacia-viviente-plantas-de-uso-herbolario-1536x1152.jpg 1536w, https:\/\/ciencias.ens.uabc.mx\/herbario\/wp-content\/uploads\/2022\/01\/Farmacia-viviente-plantas-de-uso-herbolario-2048x1536.jpg 2048w\" sizes=\"(max-width: 1024px) 100vw, 1024px\" \/><\/figure><div class=\"wp-block-media-text__content\">\n<p><strong>Famacia viviente<\/strong>: especializada en divulgar el conocimiento etnobot\u00e1nico de plantas medicinales vivas (en cultivo) de la comunidad kumiai, a trav\u00e9s de la herbolaria y que se ha definido como el conjunto de conocimientos y uso de las propiedades curativas de las plantas. Posee mayormente plantas nativas y algunas no nativas, estas ultimas de uso relativamente reciente.<\/p>\n<\/div><\/div>\n\n\n\n<p><\/p>\n\n\n\n<div class=\"wp-block-columns are-vertically-aligned-center\">\n<div class=\"wp-block-column is-vertically-aligned-center\" style=\"flex-basis:100%\">\n<div class=\"wp-block-columns\">\n<div class=\"wp-block-column\"><\/div>\n<\/div>\n<\/div>\n<\/div>\n","protected":false},"excerpt":{"rendered":"<p>Jard\u00edn Bot\u00e1nico San Antonio Necua El JBSAN tiene el objetivo de divulgar una parte de su diversidad biol\u00f3gica, como es el conocimiento y uso ancestral de plantas en la comunidad Kumiai. La flora representada es parte dela vegetaci\u00f3n tipo matorral costero californiano y suculento, y chaparral. En el 2021 se recibi\u00f3 el apoyo parcial de [&hellip;]<\/p>\n","protected":false},"author":3,"featured_media":0,"parent":0,"menu_order":0,"comment_status":"closed","ping_status":"closed","template":"","meta":[],"_links":{"self":[{"href":"https:\/\/ciencias.ens.uabc.mx\/herbario\/wp-json\/wp\/v2\/pages\/1436"}],"collection":[{"href":"https:\/\/ciencias.ens.uabc.mx\/herbario\/wp-json\/wp\/v2\/pages"}],"about":[{"href":"https:\/\/ciencias.ens.uabc.mx\/herbario\/wp-json\/wp\/v2\/types\/page"}],"author":[{"embeddable":true,"href":"https:\/\/ciencias.ens.uabc.mx\/herbario\/wp-json\/wp\/v2\/users\/3"}],"replies":[{"embeddable":true,"href":"https:\/\/ciencias.ens.uabc.mx\/herbario\/wp-json\/wp\/v2\/comments?post=1436"}],"version-history":[{"count":34,"href":"https:\/\/ciencias.ens.uabc.mx\/herbario\/wp-json\/wp\/v2\/pages\/1436\/revisions"}],"predecessor-version":[{"id":1957,"href":"https:\/\/ciencias.ens.uabc.mx\/herbario\/wp-json\/wp\/v2\/pages\/1436\/revisions\/1957"}],"wp:attachment":[{"href":"https:\/\/ciencias.ens.uabc.mx\/herbario\/wp-json\/wp\/v2\/media?parent=1436"}],"curies":[{"name":"wp","href":"https:\/\/api.w.org\/{rel}","templated":true}]}}